{"id":312,"date":"2022-09-01T16:07:37","date_gmt":"2022-09-01T14:07:37","guid":{"rendered":"https:\/\/randvanil.com\/?page_id=312"},"modified":"2024-02-18T18:43:54","modified_gmt":"2024-02-18T16:43:54","slug":"about","status":"publish","type":"page","link":"https:\/\/randvanil.com\/en\/about\/","title":{"rendered":"About"},"content":{"rendered":"<h2>\n\t\tThe creation of RandVanil\n\t<\/h2>\n\t<p>Established since 2020 in Grenchen, Switzerland, RandVanil GmbH markets aromatic products from Madagascar, mainly Bourbon vanilla.<\/p>\n<p>Franky Randriamanjaka, le fondateur de RandVanil, est originaire de Madagascar et petit-fils de producteur de vanille. Il a \u00e9t\u00e9 form\u00e9 depuis son enfance par son grand-p\u00e8re, qui lui a appris comment planter la vanille ainsi que les diff\u00e9rentes \u00e9tapes du processus de pr\u00e9paration de la vanille, de l&rsquo;\u00e9chaudage au calibrage, en passant par l&rsquo;\u00e9tuvage, le s\u00e9chage et l&rsquo;affinage.<\/p>\n<p>L&rsquo;initiation \u00e0 la vanille que son grand-p\u00e8re lui a inculqu\u00e9, ne l&rsquo;a jamais quitt\u00e9. En 2020, il a d\u00e9cid\u00e9 de cr\u00e9er la soci\u00e9t\u00e9 RandVanil, pour se rapprocher de nouveau de cette plante embl\u00e9matique, qu&rsquo;est la vanille.<\/p>\n<p>Indeed, Franky being from the northern region of Madagascar, the producers of this locality are all acquaintances. Collaboration with them is easy and the support for the community is natural.<\/p>\n<p>Un de nos objectifs est de proposer la meilleure Vanille de Madagascar, \u00e0 travers ses propri\u00e9t\u00e9s naturelles et les richesses que regorge son pays d&rsquo;origine.<\/p>\n\t\t\t\t<img loading=\"lazy\" decoding=\"async\" src=\"https:\/\/randvanil.com\/wp-content\/uploads\/2022\/09\/RandVanil-About-196x300.jpg\" alt=\"RandVanil-About\" itemprop=\"image\" height=\"300\" width=\"196\" title=\"RandVanil-About\" onerror=\"this.style.display='none'\"  \/>\n\t<p><em>In 1935, Mr Tsimaniry, Franky's grandfather and his wife in one of his vanilla farms in Anjialavabe Andapa (Sava region), Madagascar.<\/em><\/p>\n<h2>\n\t\tOut team\n\t<\/h2>\n\t\t\t<img decoding=\"async\" loading='false' src=\"https:\/\/randvanil.com\/wp-content\/uploads\/2021\/03\/Logo_RandVanil_final-ok-150x150.png\" alt=\"\" \/>\t\t\t\n\t\t\t\t<h4>F. Randriamanjaka<\/h4><p>Founder<\/p>\n<img decoding=\"async\" loading='false' src=\"https:\/\/randvanil.com\/wp-content\/uploads\/2021\/03\/Logo_RandVanil_final-ok-150x150.png\" alt=\"\" \/>\t\t\t\n\t\t\t<img decoding=\"async\" loading='false' src=\"https:\/\/randvanil.com\/wp-content\/uploads\/2021\/03\/Logo_RandVanil_final-ok-150x150.png\" alt=\"\" \/>\t\t\t\n\t\t\t\t<h4>Y. Dufour<\/h4><p>Co-Founder<\/p>\n<img decoding=\"async\" loading='false' src=\"https:\/\/randvanil.com\/wp-content\/uploads\/2021\/03\/Logo_RandVanil_final-ok-150x150.png\" alt=\"\" \/>\t\t\t\n\t\t\t<img decoding=\"async\" loading='false' src=\"https:\/\/randvanil.com\/wp-content\/uploads\/2021\/03\/Logo_RandVanil_final-ok-150x150.png\" alt=\"\" \/>\t\t\t\n\t\t\t\t<h4>L. Schaurhofer<\/h4><p>Design &amp; Marketing<\/p>\n<img decoding=\"async\" loading='false' src=\"https:\/\/randvanil.com\/wp-content\/uploads\/2021\/03\/Logo_RandVanil_final-ok-150x150.png\" alt=\"\" \/>\t\t\t\n<h2>\n\t\tThose who trusted us:\n\t<\/h2>\n\t\t\t<img decoding=\"async\" loading='false' src=\"https:\/\/randvanil.com\/wp-content\/uploads\/2022\/09\/Saya-Logo-150x150.png\" alt=\"\" \/>\t\t\t\n\t\t\t\t<h4>Saya SA<\/h4><p>Food wholesaler<\/p>\n<img decoding=\"async\" loading='false' src=\"https:\/\/randvanil.com\/wp-content\/uploads\/2022\/09\/Saya-Logo-150x150.png\" alt=\"\" \/>","protected":false},"excerpt":{"rendered":"<p>La cr\u00e9ation de RandVanil Implant\u00e9e depuis 2020 \u00e0 Grenchen, en Suisse, RandVanil GmbH commercialise des produits aromatiques de Madagascar, principalement la vanille Bourbon. Franky Randriamanjaka, le fondateur de RandVanil, est originaire de Madagascar et petit-fils de producteur de vanille. Il a \u00e9t\u00e9 form\u00e9 depuis son enfance par son grand-p\u00e8re, qui lui a appris comment planter [&hellip;]<\/p>\n","protected":false},"author":1,"featured_media":0,"parent":0,"menu_order":0,"comment_status":"closed","ping_status":"closed","template":"","meta":{"site-sidebar-layout":"no-sidebar","site-content-layout":"page-builder","ast-site-content-layout":"full-width-container","site-content-style":"unboxed","site-sidebar-style":"unboxed","ast-global-header-display":"","ast-banner-title-visibility":"","ast-main-header-display":"","ast-hfb-above-header-display":"","ast-hfb-below-header-display":"","ast-hfb-mobile-header-display":"","site-post-title":"disabled","ast-breadcrumbs-content":"","ast-featured-img":"","footer-sml-layout":"","ast-disable-related-posts":"","theme-transparent-header-meta":"default","adv-header-id-meta":"","stick-header-meta":"","header-above-stick-meta":"","header-main-stick-meta":"","header-below-stick-meta":"","astra-migrate-meta-layouts":"set","ast-page-background-enabled":"default","ast-page-background-meta":{"desktop":{"background-color":"","background-image":"","background-repeat":"repeat","background-position":"center center","background-size":"auto","background-attachment":"scroll","background-type":"","background-media":"","overlay-type":"","overlay-color":"","overlay-opacity":"","overlay-gradient":""},"tablet":{"background-color":"","background-image":"","background-repeat":"repeat","background-position":"center center","background-size":"auto","background-attachment":"scroll","background-type":"","background-media":"","overlay-type":"","overlay-color":"","overlay-opacity":"","overlay-gradient":""},"mobile":{"background-color":"","background-image":"","background-repeat":"repeat","background-position":"center center","background-size":"auto","background-attachment":"scroll","background-type":"","background-media":"","overlay-type":"","overlay-color":"","overlay-opacity":"","overlay-gradient":""}},"ast-content-background-meta":{"desktop":{"background-color":"var(--ast-global-color-5)","background-image":"","background-repeat":"repeat","background-position":"center center","background-size":"auto","background-attachment":"scroll","background-type":"","background-media":"","overlay-type":"","overlay-color":"","overlay-opacity":"","overlay-gradient":""},"tablet":{"background-color":"var(--ast-global-color-5)","background-image":"","background-repeat":"repeat","background-position":"center center","background-size":"auto","background-attachment":"scroll","background-type":"","background-media":"","overlay-type":"","overlay-color":"","overlay-opacity":"","overlay-gradient":""},"mobile":{"background-color":"var(--ast-global-color-5)","background-image":"","background-repeat":"repeat","background-position":"center center","background-size":"auto","background-attachment":"scroll","background-type":"","background-media":"","overlay-type":"","overlay-color":"","overlay-opacity":"","overlay-gradient":""}},"footnotes":""},"class_list":["post-312","page","type-page","status-publish","hentry"],"aioseo_notices":[],"_links":{"self":[{"href":"https:\/\/randvanil.com\/en\/wp-json\/wp\/v2\/pages\/312","targetHints":{"allow":["GET"]}}],"collection":[{"href":"https:\/\/randvanil.com\/en\/wp-json\/wp\/v2\/pages"}],"about":[{"href":"https:\/\/randvanil.com\/en\/wp-json\/wp\/v2\/types\/page"}],"author":[{"embeddable":true,"href":"https:\/\/randvanil.com\/en\/wp-json\/wp\/v2\/users\/1"}],"replies":[{"embeddable":true,"href":"https:\/\/randvanil.com\/en\/wp-json\/wp\/v2\/comments?post=312"}],"version-history":[{"count":33,"href":"https:\/\/randvanil.com\/en\/wp-json\/wp\/v2\/pages\/312\/revisions"}],"predecessor-version":[{"id":413,"href":"https:\/\/randvanil.com\/en\/wp-json\/wp\/v2\/pages\/312\/revisions\/413"}],"wp:attachment":[{"href":"https:\/\/randvanil.com\/en\/wp-json\/wp\/v2\/media?parent=312"}],"curies":[{"name":"wp","href":"https:\/\/api.w.org\/{rel}","templated":true}]}}