{"id":21,"date":"2021-03-20T15:32:03","date_gmt":"2021-03-20T15:32:03","guid":{"rendered":"https:\/\/randvanil.com\/?page_id=21"},"modified":"2024-02-18T18:47:45","modified_gmt":"2024-02-18T16:47:45","slug":"home","status":"publish","type":"page","link":"https:\/\/randvanil.com\/en\/","title":{"rendered":"Home"},"content":{"rendered":"<h2>\n\t\t\u00ab\u00a0Choisir RandVanil, c&rsquo;est savourer l&rsquo;ar\u00f4me d\u00e9licieux et authentique de la Vanille Bourbon.\u00a0\u00bb\n\t<\/h2>\n<h3>\n\t\tMADAGASCAR BOURBON VANILLA\n\t<\/h3>\n\t<p>Nous vous proposons de la Vanille Gourmet et Extra Gourmet. Selon vos besoins, la vanille vous est livr\u00e9e en gousses ou en poudre, bio ou conventionnelle. Dans tous les cas, vous d\u00e9gusterez la meilleure qualit\u00e9 de l&rsquo;une des saveurs de Madagascar !<\/p>\n\t\t\t<a href=\"https:\/\/randvanil.com\/en\/notre-vanille\/\" target=\"_self\" rel=\"noopener\">\n\t\t\t\t\t\t\tSee more\n\t\t\t<\/a>","protected":false},"excerpt":{"rendered":"<p>\u00ab\u00a0Choisir RandVanil, c&rsquo;est savourer l&rsquo;ar\u00f4me d\u00e9licieux et authentique de la Vanille Bourbon.\u00a0\u00bb VANILLE BOURBON DE MADAGASCAR Nous vous proposons de la Vanille Gourmet et Extra Gourmet. Selon vos besoins, la vanille vous est livr\u00e9e en gousses ou en poudre, bio ou conventionnelle. Dans tous les cas, vous d\u00e9gusterez la meilleure qualit\u00e9 de l&rsquo;une des saveurs [&hellip;]<\/p>\n","protected":false},"author":1,"featured_media":0,"parent":0,"menu_order":0,"comment_status":"closed","ping_status":"closed","template":"","meta":{"site-sidebar-layout":"no-sidebar","site-content-layout":"page-builder","ast-site-content-layout":"full-width-container","site-content-style":"unboxed","site-sidebar-style":"unboxed","ast-global-header-display":"","ast-banner-title-visibility":"","ast-main-header-display":"","ast-hfb-above-header-display":"","ast-hfb-below-header-display":"","ast-hfb-mobile-header-display":"","site-post-title":"disabled","ast-breadcrumbs-content":"","ast-featured-img":"disabled","footer-sml-layout":"","ast-disable-related-posts":"","theme-transparent-header-meta":"default","adv-header-id-meta":"","stick-header-meta":"","header-above-stick-meta":"","header-main-stick-meta":"","header-below-stick-meta":"","astra-migrate-meta-layouts":"set","ast-page-background-enabled":"default","ast-page-background-meta":{"desktop":{"background-color":"","background-image":"","background-repeat":"repeat","background-position":"center center","background-size":"auto","background-attachment":"scroll","background-type":"","background-media":"","overlay-type":"","overlay-color":"","overlay-opacity":"","overlay-gradient":""},"tablet":{"background-color":"","background-image":"","background-repeat":"repeat","background-position":"center center","background-size":"auto","background-attachment":"scroll","background-type":"","background-media":"","overlay-type":"","overlay-color":"","overlay-opacity":"","overlay-gradient":""},"mobile":{"background-color":"","background-image":"","background-repeat":"repeat","background-position":"center center","background-size":"auto","background-attachment":"scroll","background-type":"","background-media":"","overlay-type":"","overlay-color":"","overlay-opacity":"","overlay-gradient":""}},"ast-content-background-meta":{"desktop":{"background-color":"var(--ast-global-color-5)","background-image":"","background-repeat":"repeat","background-position":"center center","background-size":"auto","background-attachment":"scroll","background-type":"","background-media":"","overlay-type":"","overlay-color":"","overlay-opacity":"","overlay-gradient":""},"tablet":{"background-color":"var(--ast-global-color-5)","background-image":"","background-repeat":"repeat","background-position":"center center","background-size":"auto","background-attachment":"scroll","background-type":"","background-media":"","overlay-type":"","overlay-color":"","overlay-opacity":"","overlay-gradient":""},"mobile":{"background-color":"var(--ast-global-color-5)","background-image":"","background-repeat":"repeat","background-position":"center center","background-size":"auto","background-attachment":"scroll","background-type":"","background-media":"","overlay-type":"","overlay-color":"","overlay-opacity":"","overlay-gradient":""}},"footnotes":""},"class_list":["post-21","page","type-page","status-publish","hentry"],"aioseo_notices":[],"_links":{"self":[{"href":"https:\/\/randvanil.com\/en\/wp-json\/wp\/v2\/pages\/21","targetHints":{"allow":["GET"]}}],"collection":[{"href":"https:\/\/randvanil.com\/en\/wp-json\/wp\/v2\/pages"}],"about":[{"href":"https:\/\/randvanil.com\/en\/wp-json\/wp\/v2\/types\/page"}],"author":[{"embeddable":true,"href":"https:\/\/randvanil.com\/en\/wp-json\/wp\/v2\/users\/1"}],"replies":[{"embeddable":true,"href":"https:\/\/randvanil.com\/en\/wp-json\/wp\/v2\/comments?post=21"}],"version-history":[{"count":70,"href":"https:\/\/randvanil.com\/en\/wp-json\/wp\/v2\/pages\/21\/revisions"}],"predecessor-version":[{"id":415,"href":"https:\/\/randvanil.com\/en\/wp-json\/wp\/v2\/pages\/21\/revisions\/415"}],"wp:attachment":[{"href":"https:\/\/randvanil.com\/en\/wp-json\/wp\/v2\/media?parent=21"}],"curies":[{"name":"wp","href":"https:\/\/api.w.org\/{rel}","templated":true}]}}