{"id":126,"date":"2021-09-02T19:49:43","date_gmt":"2021-09-02T19:49:43","guid":{"rendered":"https:\/\/randvanil.com\/?page_id=126"},"modified":"2023-04-02T11:52:53","modified_gmt":"2023-04-02T09:52:53","slug":"notre-vanille","status":"publish","type":"page","link":"https:\/\/randvanil.com\/en\/notre-vanille\/","title":{"rendered":"Our Vanilla"},"content":{"rendered":"<p>Our vanilla grows in a natural environment.<\/p>\n\t<p>Elles sont ensuite soigneusement pr\u00e9par\u00e9es et affin\u00e9es selon le savoir-faire artisanal et traditionnel afin de r\u00e9v\u00e9ler l&rsquo;ar\u00f4me secret de la vanille.<\/p>\n<p>We work in close collaboration with an association of local producers in order to guarantee the quality and the traceability of our vanillas. All products are checked, validated and packaged in compliance with European food safety standards, at the head office in Grenchen.<\/p>\n\t\t\t\t<img loading=\"lazy\" decoding=\"async\" src=\"https:\/\/randvanil.com\/wp-content\/uploads\/2021\/09\/VanilleGourmet-scaled.jpg\" alt=\"VanilleGourmet\" itemprop=\"image\" height=\"842\" width=\"2560\" title=\"VanilleGourmet\" onerror=\"this.style.display='none'\"  \/>\n<h2>\n\t\tA culture that respects biodiversity\n\t<\/h2>\n\t<p>Our vanilla pods grow in a natural environment: in the tropical forests of north-eastern Madagascar, with a temperature between 21-32 \u00b0 C, a pluviometry of 2,000 to 2,500 mm per year to initiate blossoming.<\/p>\n<p>Our traditional culture uses an agro-forestry technique which is beneficial in terms of sustainability and conservation of biodiversity.<\/p>\n<h2>\n\t\tTraditional and artisanal know-how\n\t<\/h2>\n\t<p>Apr\u00e8s que les gousses atteignent leur longueur maximale, il faut une longue maturation. Un long processus manuel d\u00e9bute en utilisant des mat\u00e9riels de pr\u00e9paration \u00e0 base de fibres v\u00e9g\u00e9tales, tel que l&rsquo;\u00e9tuvage dans une toile de jute.<\/p>\n<p>This complex process transforms the green fruits into a spice with pleasantly fragrant aromas and rich in flavour.<\/p>","protected":false},"excerpt":{"rendered":"<p>Nos vanilles poussent en milieu naturel. Elles sont ensuite soigneusement pr\u00e9par\u00e9es et affin\u00e9es selon le savoir-faire artisanal et traditionnel afin de r\u00e9v\u00e9ler l&rsquo;ar\u00f4me secret de la vanille. Nous travaillons en \u00e9troite collaboration avec une association de producteurs locale afin de garantir la qualit\u00e9 et la tra\u00e7abilit\u00e9 de nos vanilles. Tous les produits sont contr\u00f4l\u00e9s, valid\u00e9s [&hellip;]<\/p>\n","protected":false},"author":1,"featured_media":0,"parent":0,"menu_order":0,"comment_status":"closed","ping_status":"closed","template":"","meta":{"site-sidebar-layout":"no-sidebar","site-content-layout":"page-builder","ast-site-content-layout":"default","site-content-style":"default","site-sidebar-style":"default","ast-global-header-display":"","ast-banner-title-visibility":"","ast-main-header-display":"","ast-hfb-above-header-display":"","ast-hfb-below-header-display":"","ast-hfb-mobile-header-display":"","site-post-title":"disabled","ast-breadcrumbs-content":"","ast-featured-img":"","footer-sml-layout":"","ast-disable-related-posts":"","theme-transparent-header-meta":"default","adv-header-id-meta":"","stick-header-meta":"","header-above-stick-meta":"","header-main-stick-meta":"","header-below-stick-meta":"","astra-migrate-meta-layouts":"default","ast-page-background-enabled":"default","ast-page-background-meta":{"desktop":{"background-color":"","background-image":"","background-repeat":"repeat","background-position":"center center","background-size":"auto","background-attachment":"scroll","background-type":"","background-media":"","overlay-type":"","overlay-color":"","overlay-opacity":"","overlay-gradient":""},"tablet":{"background-color":"","background-image":"","background-repeat":"repeat","background-position":"center center","background-size":"auto","background-attachment":"scroll","background-type":"","background-media":"","overlay-type":"","overlay-color":"","overlay-opacity":"","overlay-gradient":""},"mobile":{"background-color":"","background-image":"","background-repeat":"repeat","background-position":"center center","background-size":"auto","background-attachment":"scroll","background-type":"","background-media":"","overlay-type":"","overlay-color":"","overlay-opacity":"","overlay-gradient":""}},"ast-content-background-meta":{"desktop":{"background-color":"var(--ast-global-color-5)","background-image":"","background-repeat":"repeat","background-position":"center center","background-size":"auto","background-attachment":"scroll","background-type":"","background-media":"","overlay-type":"","overlay-color":"","overlay-opacity":"","overlay-gradient":""},"tablet":{"background-color":"var(--ast-global-color-5)","background-image":"","background-repeat":"repeat","background-position":"center center","background-size":"auto","background-attachment":"scroll","background-type":"","background-media":"","overlay-type":"","overlay-color":"","overlay-opacity":"","overlay-gradient":""},"mobile":{"background-color":"var(--ast-global-color-5)","background-image":"","background-repeat":"repeat","background-position":"center center","background-size":"auto","background-attachment":"scroll","background-type":"","background-media":"","overlay-type":"","overlay-color":"","overlay-opacity":"","overlay-gradient":""}},"footnotes":""},"class_list":["post-126","page","type-page","status-publish","hentry"],"aioseo_notices":[],"_links":{"self":[{"href":"https:\/\/randvanil.com\/en\/wp-json\/wp\/v2\/pages\/126","targetHints":{"allow":["GET"]}}],"collection":[{"href":"https:\/\/randvanil.com\/en\/wp-json\/wp\/v2\/pages"}],"about":[{"href":"https:\/\/randvanil.com\/en\/wp-json\/wp\/v2\/types\/page"}],"author":[{"embeddable":true,"href":"https:\/\/randvanil.com\/en\/wp-json\/wp\/v2\/users\/1"}],"replies":[{"embeddable":true,"href":"https:\/\/randvanil.com\/en\/wp-json\/wp\/v2\/comments?post=126"}],"version-history":[{"count":46,"href":"https:\/\/randvanil.com\/en\/wp-json\/wp\/v2\/pages\/126\/revisions"}],"predecessor-version":[{"id":382,"href":"https:\/\/randvanil.com\/en\/wp-json\/wp\/v2\/pages\/126\/revisions\/382"}],"wp:attachment":[{"href":"https:\/\/randvanil.com\/en\/wp-json\/wp\/v2\/media?parent=126"}],"curies":[{"name":"wp","href":"https:\/\/api.w.org\/{rel}","templated":true}]}}