{"id":82,"date":"2021-09-02T10:36:09","date_gmt":"2021-09-02T10:36:09","guid":{"rendered":"https:\/\/randvanil.com\/?page_id=82"},"modified":"2024-02-18T18:39:00","modified_gmt":"2024-02-18T16:39:00","slug":"nos-produits","status":"publish","type":"page","link":"https:\/\/randvanil.com\/de\/nos-produits\/","title":{"rendered":"Unsere Produkte"},"content":{"rendered":"<h2>\n\t\tIdeal f\u00fcr Zuckerb\u00e4ckerei und die gehobene K\u00fcche\n\t<\/h2>\n<h2>\n\t\tMadagaskar Bourbon Vanilleschoten\n\t<\/h2>\n\t\t\t\t<img loading=\"lazy\" decoding=\"async\" src=\"https:\/\/randvanil.com\/wp-content\/uploads\/2021\/09\/RandVanil-vanilleschoten-scaled.jpg\" alt=\"RandVanil-vanilleschoten\" itemprop=\"image\" height=\"2560\" width=\"1472\" title=\"RandVanil-vanilleschoten\" onerror=\"this.style.display='none'\"  \/>\n\t<p>Typ: Schwarze Bourbon ungespaltene Vanilleschote<\/p>\n\t<p>Qualit\u00e4t: Gourmet, Bio<\/p>\n\t<p>Herkunft: Nordost-Madagaskar<\/p>\n\t<p>L\u00e4nge: 14 bis 16 cm und 16 bis 18 cm<\/p>\n\t<p>Taux d&rsquo;humidit\u00e9 : 30 % \u00e0 38 %<\/p>\n\t<p>Zertifikat: Ecocert-Bio<\/p>\n\t<p>Verpackung: Glasr\u00f6hre oder Vakuumbeutel<\/p>\n\t<p>Bestellung: Tube mit 3 Schoten, Tube mit 100g (ca. 20 Schoten)<\/p>\n\t\t<h4>Bereit, eine Bestellung aufzugeben?<\/h4>\n\t\t<p>\u00c9crivez-nous aujourd&rsquo;hui pour un devis gratuit !<\/p>\n\t\t\t<a href=\"https:\/\/randvanil.com\/de\/contact\/\" target=\"_self\" role=\"button\" rel=\"noopener\">\n\t\t\t\t\t\t\tHier klicken\n\t\t\t\t\t<\/a>\n<h2>\n\t\tMadagaskar Bourbon Vanillepulver\n\t<\/h2>\n\t\t\t\t<img loading=\"lazy\" decoding=\"async\" src=\"https:\/\/randvanil.com\/wp-content\/uploads\/2021\/09\/RandVanil_vanillePulver.jpg\" alt=\"RandVanil_vanillePulver\" itemprop=\"image\" height=\"2088\" width=\"1752\" title=\"RandVanil_vanillePulver\" onerror=\"this.style.display='none'\"  \/>\n\t<p>Typ: Bourbon-Vanille-Pulver<\/p>\n\t<p>Qualit\u00e4t: Hergestellt aus dehydrierten Gourmet-Vanilleschoten<\/p>\n\t<p>Herkunft: Nordost-Madagaskar<\/p>\n\t<p>Zertifikat: Ecocert-Bio<\/p>\n\t<p>Verpackung: Glas<\/p>\n\t<p>Bestellung: Ab 500g<\/p>\n\t\t<h4>Bereit, eine Bestellung aufzugeben?<\/h4>\n\t\t<p>\u00c9crivez-nous aujourd&rsquo;hui pour un devis gratuit !<\/p>\n\t\t\t<a href=\"https:\/\/randvanil.com\/de\/contact\/\" target=\"_self\" role=\"button\" rel=\"noopener\">\n\t\t\t\t\t\t\tHier klicken\n\t\t\t\t\t<\/a>\n<h2>\n\t\tGro\u00dfe Mengen Bourbon-Vanilleschoten oder -Pulver\n\t<\/h2>\n\t<p>Type : Gousses de Vanille Bourbon<\/p>\n\t<p>Bestellung: Ab 500g<\/p>\n\t<p>Typ: Bourbon-Vanille-Pulver<\/p>\n\t<p>Bestellung: Ab 500g<\/p>","protected":false},"excerpt":{"rendered":"<p>Id\u00e9ale pour la p\u00e2tisserie et la gastronomie fine Gousses de Vanille Bourbon de Madagascar Type : Gousses de Vanille Bourbon noire non fendue Qualit\u00e9\u00a0: Gourmet, Bio Origine : Nord-Est Madagascar Longueur :\u00a014 \u00e0 16 cm et 16 \u00e0 18 cm Taux d&rsquo;humidit\u00e9 : 30 % \u00e0 38 % Certificat :\u00a0Ecocert-Bio Packaging : Tube en verre, [&hellip;]<\/p>\n","protected":false},"author":1,"featured_media":0,"parent":0,"menu_order":0,"comment_status":"closed","ping_status":"closed","template":"","meta":{"site-sidebar-layout":"no-sidebar","site-content-layout":"page-builder","ast-site-content-layout":"full-width-container","site-content-style":"unboxed","site-sidebar-style":"unboxed","ast-global-header-display":"","ast-banner-title-visibility":"","ast-main-header-display":"","ast-hfb-above-header-display":"","ast-hfb-below-header-display":"","ast-hfb-mobile-header-display":"","site-post-title":"disabled","ast-breadcrumbs-content":"","ast-featured-img":"","footer-sml-layout":"","ast-disable-related-posts":"","theme-transparent-header-meta":"default","adv-header-id-meta":"","stick-header-meta":"","header-above-stick-meta":"","header-main-stick-meta":"","header-below-stick-meta":"","astra-migrate-meta-layouts":"set","ast-page-background-enabled":"default","ast-page-background-meta":{"desktop":{"background-color":"","background-image":"","background-repeat":"repeat","background-position":"center center","background-size":"auto","background-attachment":"scroll","background-type":"","background-media":"","overlay-type":"","overlay-color":"","overlay-opacity":"","overlay-gradient":""},"tablet":{"background-color":"","background-image":"","background-repeat":"repeat","background-position":"center center","background-size":"auto","background-attachment":"scroll","background-type":"","background-media":"","overlay-type":"","overlay-color":"","overlay-opacity":"","overlay-gradient":""},"mobile":{"background-color":"","background-image":"","background-repeat":"repeat","background-position":"center center","background-size":"auto","background-attachment":"scroll","background-type":"","background-media":"","overlay-type":"","overlay-color":"","overlay-opacity":"","overlay-gradient":""}},"ast-content-background-meta":{"desktop":{"background-color":"var(--ast-global-color-5)","background-image":"","background-repeat":"repeat","background-position":"center center","background-size":"auto","background-attachment":"scroll","background-type":"","background-media":"","overlay-type":"","overlay-color":"","overlay-opacity":"","overlay-gradient":""},"tablet":{"background-color":"var(--ast-global-color-5)","background-image":"","background-repeat":"repeat","background-position":"center center","background-size":"auto","background-attachment":"scroll","background-type":"","background-media":"","overlay-type":"","overlay-color":"","overlay-opacity":"","overlay-gradient":""},"mobile":{"background-color":"var(--ast-global-color-5)","background-image":"","background-repeat":"repeat","background-position":"center center","background-size":"auto","background-attachment":"scroll","background-type":"","background-media":"","overlay-type":"","overlay-color":"","overlay-opacity":"","overlay-gradient":""}},"footnotes":""},"class_list":["post-82","page","type-page","status-publish","hentry"],"aioseo_notices":[],"_links":{"self":[{"href":"https:\/\/randvanil.com\/de\/wp-json\/wp\/v2\/pages\/82","targetHints":{"allow":["GET"]}}],"collection":[{"href":"https:\/\/randvanil.com\/de\/wp-json\/wp\/v2\/pages"}],"about":[{"href":"https:\/\/randvanil.com\/de\/wp-json\/wp\/v2\/types\/page"}],"author":[{"embeddable":true,"href":"https:\/\/randvanil.com\/de\/wp-json\/wp\/v2\/users\/1"}],"replies":[{"embeddable":true,"href":"https:\/\/randvanil.com\/de\/wp-json\/wp\/v2\/comments?post=82"}],"version-history":[{"count":55,"href":"https:\/\/randvanil.com\/de\/wp-json\/wp\/v2\/pages\/82\/revisions"}],"predecessor-version":[{"id":412,"href":"https:\/\/randvanil.com\/de\/wp-json\/wp\/v2\/pages\/82\/revisions\/412"}],"wp:attachment":[{"href":"https:\/\/randvanil.com\/de\/wp-json\/wp\/v2\/media?parent=82"}],"curies":[{"name":"wp","href":"https:\/\/api.w.org\/{rel}","templated":true}]}}